{"id":48,"date":"2019-02-04T22:18:21","date_gmt":"2019-02-04T20:18:21","guid":{"rendered":"https:\/\/glarnerkoenigin.ch\/?page_id=48"},"modified":"2026-02-25T10:09:28","modified_gmt":"2026-02-25T08:09:28","slug":"wachsverarbeitung","status":"publish","type":"page","link":"https:\/\/glarnerkoenigin.ch\/?page_id=48","title":{"rendered":"Wachsverarbeitung"},"content":{"rendered":"<p><!-- epsilon\/hero --><br \/>\nDein eigener Wachskreislauf<br \/>\n&nbsp;<br \/>\n<img decoding=\"async\" src=\"https:\/\/glarnerkoenigin.ch\/wp-content\/uploads\/2022\/01\/verpackte_Waben1-scaled.jpg\" \/><br \/>\n<!-- \/epsilon\/hero --><\/p>\n<p><!-- epsilon\/about --><br \/>\nVon deinen Bienen &#8211; zu deinen Bienen<br \/>\nWas gibt es besseres als deinen Bienen ihr selbst gebautes Wachs \u00fcber neue Mittelw\u00e4nde zur\u00fcck zu geben?<\/p>\n<p>Wir giessen im Lohnauftrag deinen Wachs zu neuen Mittelw\u00e4nden.<br \/>\nDer Wachs wird in Chargen gereinigt und bei 128 Grad entkeimt. Alle Bl\u00f6cke sind immer mit dem Kundenk\u00fcrzel versehen, um Verwechslungen zu vermeiden.<\/p>\n<p>In der Verarbeitung bieten wir die Zellmasse 5.1mm &amp; 5.4mm in den g\u00e4ngigen Wabenmassen an. Die Mindestmenge pro Zellmass betr\u00e4gt 20 Kilogramm.<\/p>\n<p>Der Wachs kann zwischen August und November nach telefonischer Terminabsprache angeliefert werden. Die eigenen Wachsplatten k\u00f6nnen zwischen Neujahr und Ende Januar abgeholt werden.<\/p>\n<p>Alle Details findest du unter diesem <a href=\"https:\/\/glarnerkoenigin.ch\/wp-content\/uploads\/2022\/01\/Wachsschmelzen-plattenherstellung.pdf\" target=\"_blank\" rel=\"noopener\">Link.<\/a><\/p>\n<p>auf bald<br \/>\nChristine &amp; Daniel K\u00fcnzler<br \/>\nFabrikstrasse 6b<br \/>\n8756 Mitl\u00f6di<br \/>\nTel Daniel: 079 688 26 85<br \/>\nE-Mail: <a href=\"mailto:famkuenzler@gmx.ch \"> famkuenzler@gmx.ch <\/a><br \/>\n<img decoding=\"async\" src=\"https:\/\/glarnerkoenigin.ch\/wp-content\/uploads\/2022\/01\/Wachsmaschine-scaled.jpg\" \/><br \/>\n<!-- \/epsilon\/about --><\/p>\n","protected":false},"excerpt":{"rendered":"<p>Dein eigener Wachskreislauf &nbsp; Von deinen Bienen &#8211; zu deinen Bienen Was gibt es besseres als deinen Bienen ihr selbst gebautes Wachs \u00fcber neue Mittelw\u00e4nde zur\u00fcck zu geben? Wir giessen im Lohnauftrag deinen Wachs zu neuen Mittelw\u00e4nden. Der Wachs wird in Chargen gereinigt und bei 128 Grad entkeimt. Alle Bl\u00f6cke sind immer mit dem Kundenk\u00fcrzel [&hellip;]<\/p>\n","protected":false},"author":1,"featured_media":0,"parent":0,"menu_order":0,"comment_status":"closed","ping_status":"closed","template":"","meta":{"om_disable_all_campaigns":false,"_monsterinsights_skip_tracking":false,"_monsterinsights_sitenote_active":false,"_monsterinsights_sitenote_note":"","_monsterinsights_sitenote_category":0,"footnotes":""},"class_list":["post-48","page","type-page","status-publish","hentry"],"aioseo_notices":[],"_links":{"self":[{"href":"https:\/\/glarnerkoenigin.ch\/index.php?rest_route=\/wp\/v2\/pages\/48","targetHints":{"allow":["GET"]}}],"collection":[{"href":"https:\/\/glarnerkoenigin.ch\/index.php?rest_route=\/wp\/v2\/pages"}],"about":[{"href":"https:\/\/glarnerkoenigin.ch\/index.php?rest_route=\/wp\/v2\/types\/page"}],"author":[{"embeddable":true,"href":"https:\/\/glarnerkoenigin.ch\/index.php?rest_route=\/wp\/v2\/users\/1"}],"replies":[{"embeddable":true,"href":"https:\/\/glarnerkoenigin.ch\/index.php?rest_route=%2Fwp%2Fv2%2Fcomments&post=48"}],"version-history":[{"count":21,"href":"https:\/\/glarnerkoenigin.ch\/index.php?rest_route=\/wp\/v2\/pages\/48\/revisions"}],"predecessor-version":[{"id":3797,"href":"https:\/\/glarnerkoenigin.ch\/index.php?rest_route=\/wp\/v2\/pages\/48\/revisions\/3797"}],"wp:attachment":[{"href":"https:\/\/glarnerkoenigin.ch\/index.php?rest_route=%2Fwp%2Fv2%2Fmedia&parent=48"}],"curies":[{"name":"wp","href":"https:\/\/api.w.org\/{rel}","templated":true}]}}