{"id":3746,"date":"2023-03-12T16:53:20","date_gmt":"2023-03-12T14:53:20","guid":{"rendered":"https:\/\/glarnerkoenigin.ch\/?page_id=3746"},"modified":"2026-02-25T10:09:28","modified_gmt":"2026-02-25T08:09:28","slug":"etiketten","status":"publish","type":"page","link":"https:\/\/glarnerkoenigin.ch\/?page_id=3746","title":{"rendered":"Etiketten"},"content":{"rendered":"<p><!-- epsilon\/hero --><br \/>\nEtiketten<\/p>\n<p>&nbsp;<\/p>\n<p>&nbsp;<\/p>\n<p>&nbsp;<\/p>\n<p>&nbsp;<br \/>\n&nbsp;<br \/>\n<img decoding=\"async\" src=\"https:\/\/glarnerkoenigin.ch\/wp-content\/uploads\/2023\/03\/Flyer-1-Kopie.jpg\" \/><br \/>\n<!-- \/epsilon\/hero --><\/p>\n<p><!-- epsilon\/about --><br \/>\nVerwende dein eigenes Design<br \/>\nWir drucken dir deine Unternehmens-, Wein-, Schnaps-, Konfit\u00fcren- oder Honigetiketten.<\/p>\n<p>Die Verwendungsm\u00f6glichkeiten sind unendlich und die Formgebung ist egal, da sie ausgeschnitten werden. Unser Laserdrucker verf\u00fcgt \u00fcber die CMYK Palette und kann zus\u00e4tzlich weiss f\u00fcr transparente Tr\u00e4germaterialien drucken.<\/p>\n<p>Im Anschluss werden die Etiketten auf dem Plotter in die gew\u00fcnschte Form geschnitten und auf Rollen aufgewickelt.<\/p>\n<p>Die Bearbeitung von variablen Daten ist m\u00f6glich. Die grafischen Vorlagen werden vom Kunden angeliefert (cdr, eps, pdf mit eingebetteten Schriften).<\/p>\n<p>Die Bestellung ist bereits ab einem St\u00fcck m\u00f6glich.<br \/>\nF\u00fcr eine Offerte ben\u00f6tigen wir dein Layout und die gew\u00fcnschten Losgr\u00f6ssen.<\/p>\n<p>Alle Details findest du unter diesem <a href=\"https:\/\/glarnerkoenigin.ch\/wp-content\/uploads\/2023\/03\/Etikettenflyer.pdf\" target=\"_blank\" rel=\"noopener\">Link.<\/a><br \/>\n<br \/>\nEinen Film der Produktion findest du unter diesem <a href=\"https:\/\/glarnerkoenigin.ch\/wp-content\/uploads\/2023\/03\/Etikettenproduktion.mp4\" target=\"_blank\" rel=\"noopener\">Link.<\/a><\/p>\n<p>Christine &amp; Daniel K\u00fcnzler<br \/>\nFabrikstrasse 6b<br \/>\n8756 Mitl\u00f6di<br \/>\nTel Daniel: 079 688 26 85<br \/>\nE-Mail: <a href=\"mailto:famkuenzler@gmx.ch \"> famkuenzler@gmx.ch<\/a><br \/>\n<img decoding=\"async\" src=\"https:\/\/glarnerkoenigin.ch\/wp-content\/uploads\/2023\/03\/IMG_8830-Kopie.jpg\" \/><br \/>\n<!-- \/epsilon\/about --><\/p>\n","protected":false},"excerpt":{"rendered":"<p>Etiketten &nbsp; &nbsp; &nbsp; &nbsp; &nbsp; Verwende dein eigenes Design Wir drucken dir deine Unternehmens-, Wein-, Schnaps-, Konfit\u00fcren- oder Honigetiketten. Die Verwendungsm\u00f6glichkeiten sind unendlich und die Formgebung ist egal, da sie ausgeschnitten werden. Unser Laserdrucker verf\u00fcgt \u00fcber die CMYK Palette und kann zus\u00e4tzlich weiss f\u00fcr transparente Tr\u00e4germaterialien drucken. Im Anschluss werden die Etiketten auf dem [&hellip;]<\/p>\n","protected":false},"author":1,"featured_media":0,"parent":0,"menu_order":0,"comment_status":"closed","ping_status":"closed","template":"","meta":{"om_disable_all_campaigns":false,"_monsterinsights_skip_tracking":false,"_monsterinsights_sitenote_active":false,"_monsterinsights_sitenote_note":"","_monsterinsights_sitenote_category":0,"footnotes":""},"class_list":["post-3746","page","type-page","status-publish","hentry"],"aioseo_notices":[],"_links":{"self":[{"href":"https:\/\/glarnerkoenigin.ch\/index.php?rest_route=\/wp\/v2\/pages\/3746","targetHints":{"allow":["GET"]}}],"collection":[{"href":"https:\/\/glarnerkoenigin.ch\/index.php?rest_route=\/wp\/v2\/pages"}],"about":[{"href":"https:\/\/glarnerkoenigin.ch\/index.php?rest_route=\/wp\/v2\/types\/page"}],"author":[{"embeddable":true,"href":"https:\/\/glarnerkoenigin.ch\/index.php?rest_route=\/wp\/v2\/users\/1"}],"replies":[{"embeddable":true,"href":"https:\/\/glarnerkoenigin.ch\/index.php?rest_route=%2Fwp%2Fv2%2Fcomments&post=3746"}],"version-history":[{"count":16,"href":"https:\/\/glarnerkoenigin.ch\/index.php?rest_route=\/wp\/v2\/pages\/3746\/revisions"}],"predecessor-version":[{"id":3814,"href":"https:\/\/glarnerkoenigin.ch\/index.php?rest_route=\/wp\/v2\/pages\/3746\/revisions\/3814"}],"wp:attachment":[{"href":"https:\/\/glarnerkoenigin.ch\/index.php?rest_route=%2Fwp%2Fv2%2Fmedia&parent=3746"}],"curies":[{"name":"wp","href":"https:\/\/api.w.org\/{rel}","templated":true}]}}