{"id":29,"date":"2019-02-03T17:14:15","date_gmt":"2019-02-03T16:14:15","guid":{"rendered":"https:\/\/glarnerkoenigin.ch\/?page_id=29"},"modified":"2026-02-25T10:09:28","modified_gmt":"2026-02-25T08:09:28","slug":"ueber-uns","status":"publish","type":"page","link":"https:\/\/glarnerkoenigin.ch\/?page_id=29","title":{"rendered":"\u00fcber uns"},"content":{"rendered":"<p><!-- epsilon\/about --><\/p>\n<h1>\u00dcber uns<\/h1>\n<p>Jedes Jahr vergr\u00f6ssert sich das Team, um den erfreulich zunehmenden Bedarf an Glarner <em>Apis mellifera mellifera<\/em> &#8211; K\u00f6niginnen bestm\u00f6glich decken zu k\u00f6nnen.<\/p>\n<p>Der Erfolg der letzten Jahre motiviert uns immer auf&#8217;s Neue, dran zu bleiben.<br \/>\n<img decoding=\"async\" src=\"https:\/\/glarnerkoenigin.ch\/wp-content\/uploads\/2019\/03\/RBS-M42.jpg\" \/><br \/>\n<!-- \/epsilon\/about --><\/p>\n<p><!-- epsilon\/doctors --><br \/>\nUnser Team<\/p>\n<p class=\"text-center\">Nachfolgende Personen arbeiten gemeinsam f\u00fcr die K\u00f6niginnenzucht.<\/p>\n<p><!-- epsilon\/Doctors --><br \/>\nRobert Knobel<br \/>\nZ\u00fcchter<br \/>\nRobert ist als Z\u00fcchter verantwortlich f\u00fcr die Produktion der K\u00f6niginnen.<br \/>\n<img decoding=\"async\" src=\"https:\/\/glarnerkoenigin.ch\/wp-content\/uploads\/2019\/03\/R\u00f6bi.jpg\" \/><br \/>\n<!-- \/epsilon\/Doctors--><br \/>\n<!-- epsilon\/Doctors --><br \/>\nChristine K\u00fcnzler<br \/>\nZ\u00fcchterin<br \/>\nChristine ist als Z\u00fcchterin verantwortlich f\u00fcr die Produktion der K\u00f6niginnen.<br \/>\n<img decoding=\"async\" src=\"https:\/\/glarnerkoenigin.ch\/wp-content\/uploads\/2019\/03\/Christine.jpg\" \/><br \/>\n<!-- \/epsilon\/Doctors--><br \/>\n<!-- epsilon\/Doctors --><br \/>\nDaniel K\u00fcnzler<br \/>\nZ\u00fcchter<br \/>\nDaniel ist als Z\u00fcchter verantwortlich f\u00fcr die Produktion der K\u00f6niginnen.<br \/>\n<img decoding=\"async\" src=\"https:\/\/glarnerkoenigin.ch\/wp-content\/uploads\/2019\/03\/Daniel.jpg\" \/><br \/>\n<!-- \/epsilon\/Doctors--><br \/>\n<!-- epsilon\/Doctors --><br \/>\nWolfhard S. H\u00fcsken<br \/>\nZ\u00fcchter<br \/>\nWolfhard ist als Z\u00fcchter verantwortlich f\u00fcr die Produktion der K\u00f6niginnen.<br \/>\n<!-- \/epsilon\/Doctors--><br \/>\n<!-- epsilon\/Doctors --><br \/>\nUlrike Kopf<br \/>\nBestellung &#038; Logistik<br \/>\nUlrike ist f\u00fcr unsere Kunden die Anlaufstelle und bew\u00e4ltigt die Logistik und Administration.<br \/>\n<img decoding=\"async\" src=\"https:\/\/glarnerkoenigin.ch\/wp-content\/uploads\/2019\/03\/Uli2.jpg\" \/><br \/>\n<!-- \/epsilon\/Doctors--><br \/>\n<!-- \/epsilon\/doctors --><\/p>\n","protected":false},"excerpt":{"rendered":"<p>\u00dcber uns Jedes Jahr vergr\u00f6ssert sich das Team, um den erfreulich zunehmenden Bedarf an Glarner Apis mellifera mellifera &#8211; K\u00f6niginnen bestm\u00f6glich decken zu k\u00f6nnen. Der Erfolg der letzten Jahre motiviert uns immer auf&#8217;s Neue, dran zu bleiben. Unser Team Nachfolgende Personen arbeiten gemeinsam f\u00fcr die K\u00f6niginnenzucht. Robert Knobel Z\u00fcchter Robert ist als Z\u00fcchter verantwortlich f\u00fcr [&hellip;]<\/p>\n","protected":false},"author":1,"featured_media":0,"parent":0,"menu_order":0,"comment_status":"closed","ping_status":"closed","template":"","meta":{"om_disable_all_campaigns":false,"_monsterinsights_skip_tracking":false,"_monsterinsights_sitenote_active":false,"_monsterinsights_sitenote_note":"","_monsterinsights_sitenote_category":0,"footnotes":""},"class_list":["post-29","page","type-page","status-publish","hentry"],"aioseo_notices":[],"_links":{"self":[{"href":"https:\/\/glarnerkoenigin.ch\/index.php?rest_route=\/wp\/v2\/pages\/29","targetHints":{"allow":["GET"]}}],"collection":[{"href":"https:\/\/glarnerkoenigin.ch\/index.php?rest_route=\/wp\/v2\/pages"}],"about":[{"href":"https:\/\/glarnerkoenigin.ch\/index.php?rest_route=\/wp\/v2\/types\/page"}],"author":[{"embeddable":true,"href":"https:\/\/glarnerkoenigin.ch\/index.php?rest_route=\/wp\/v2\/users\/1"}],"replies":[{"embeddable":true,"href":"https:\/\/glarnerkoenigin.ch\/index.php?rest_route=%2Fwp%2Fv2%2Fcomments&post=29"}],"version-history":[{"count":21,"href":"https:\/\/glarnerkoenigin.ch\/index.php?rest_route=\/wp\/v2\/pages\/29\/revisions"}],"predecessor-version":[{"id":3915,"href":"https:\/\/glarnerkoenigin.ch\/index.php?rest_route=\/wp\/v2\/pages\/29\/revisions\/3915"}],"wp:attachment":[{"href":"https:\/\/glarnerkoenigin.ch\/index.php?rest_route=%2Fwp%2Fv2%2Fmedia&parent=29"}],"curies":[{"name":"wp","href":"https:\/\/api.w.org\/{rel}","templated":true}]}}