{"id":22,"date":"2019-02-03T17:06:51","date_gmt":"2019-02-03T16:06:51","guid":{"rendered":"https:\/\/glarnerkoenigin.ch\/?page_id=22"},"modified":"2026-02-25T10:09:28","modified_gmt":"2026-02-25T08:09:28","slug":"reservation","status":"publish","type":"page","link":"https:\/\/glarnerkoenigin.ch\/?page_id=22","title":{"rendered":"Reservation"},"content":{"rendered":"<p><!-- epsilon\/appointment --><\/p>\n<h1>K\u00f6niginnen Reservation<\/h1>\n<p>Untenstehend kannst du K\u00f6niginnen von den Glarner Belegstationen reservieren. <\/p>\n<p>Der Preis setzt sich wie folgt zusammen:<\/p>\n<p><span style=\"margin-left: 2em;\"> 68.00 CHF <\/span> K\u00f6nigin<\/p>\n<p><span style=\"margin-left: 2em;\">6.00 CHF Versand pro bis zu 4 K\u00f6niginnen (Verpackungsgr\u00f6sse)<\/span><\/p>\n<p><span style=\"margin-left: 2em;\">(+2.00 CHF pro Rechnung bei Posteinzahlung)<\/span><\/p>\n<p>Vorgehen<\/p>\n<p><span style=\"margin-left: 2em;\">&#8211; Du erh\u00e4ltst eine R\u00fcckbest\u00e4tigung zu deiner Reservation. <\/span><\/p>\n<p><span style=\"margin-left: 2em;\">&#8211; Wir planen daraufhin die gew\u00fcnschte Anzahl ein.<\/span><\/p>\n<p><span style=\"margin-left: 2em;\">&#8211; Am Mittwoch (Versandtag) gehen die Damen per A-Post-Plus auf die Reise. Sollten Probleme mit der <\/span><\/p>\n<p><span style=\"margin-left: 2.6em;\">Begattung etc. vorliegen, so melden wir uns per Mail bei dir.<\/span><br \/>\n<br \/>\n<span style=\"margin-left: 2em;\">&#8211; Nach der Abgabe bei der Post bekommst du per SMS\/E-Mail die Track-&amp;Tracenummer der Swisspost <\/span><br \/>\n<br \/>\n<span style=\"margin-left: 2.6em;\">f\u00fcr die Sendungsnachverfolgung. <\/span><br \/>\n<br \/>\n<span style=\"margin-left: 2em;\">&#8211; Nach Erhalt begleichst du den Rechnungsbetrag mit einer Bank\u00fcberweisung innert 10 Tagen. <\/span><\/p>\n<p><span style=\"margin-left: 2em;\">&#8211; Bei Posteinzahlungen musst du den Betrag um CHF 2.00 wegen der Geb\u00fchren erh\u00f6hen.<\/span><\/p>\n<p>Wichtig<\/p>\n<p><span style=\"margin-left: 2em;\">&#8211; <strong>wir versenden nur an CH-Adressen.<\/strong><\/span><br \/>\n<span style=\"margin-left: 2em;\">&#8211; Selbstverst\u00e4ndlich k\u00f6nnen unsere ausl\u00e4ndischen Kunden die Damen bei uns abholen kommen.<\/span><\/p>\n<p>Kontaktdaten<br \/>\n<!-- \/epsilon\/appointment --><\/p>\n","protected":false},"excerpt":{"rendered":"<p>K\u00f6niginnen Reservation Untenstehend kannst du K\u00f6niginnen von den Glarner Belegstationen reservieren. Der Preis setzt sich wie folgt zusammen: 68.00 CHF K\u00f6nigin 6.00 CHF Versand pro bis zu 4 K\u00f6niginnen (Verpackungsgr\u00f6sse) (+2.00 CHF pro Rechnung bei Posteinzahlung) Vorgehen &#8211; Du erh\u00e4ltst eine R\u00fcckbest\u00e4tigung zu deiner Reservation. &#8211; Wir planen daraufhin die gew\u00fcnschte Anzahl ein. &#8211; Am [&hellip;]<\/p>\n","protected":false},"author":1,"featured_media":0,"parent":0,"menu_order":0,"comment_status":"closed","ping_status":"closed","template":"","meta":{"om_disable_all_campaigns":false,"_monsterinsights_skip_tracking":false,"_monsterinsights_sitenote_active":false,"_monsterinsights_sitenote_note":"","_monsterinsights_sitenote_category":0,"footnotes":""},"class_list":["post-22","page","type-page","status-publish","hentry"],"aioseo_notices":[],"_links":{"self":[{"href":"https:\/\/glarnerkoenigin.ch\/index.php?rest_route=\/wp\/v2\/pages\/22","targetHints":{"allow":["GET"]}}],"collection":[{"href":"https:\/\/glarnerkoenigin.ch\/index.php?rest_route=\/wp\/v2\/pages"}],"about":[{"href":"https:\/\/glarnerkoenigin.ch\/index.php?rest_route=\/wp\/v2\/types\/page"}],"author":[{"embeddable":true,"href":"https:\/\/glarnerkoenigin.ch\/index.php?rest_route=\/wp\/v2\/users\/1"}],"replies":[{"embeddable":true,"href":"https:\/\/glarnerkoenigin.ch\/index.php?rest_route=%2Fwp%2Fv2%2Fcomments&post=22"}],"version-history":[{"count":22,"href":"https:\/\/glarnerkoenigin.ch\/index.php?rest_route=\/wp\/v2\/pages\/22\/revisions"}],"predecessor-version":[{"id":3886,"href":"https:\/\/glarnerkoenigin.ch\/index.php?rest_route=\/wp\/v2\/pages\/22\/revisions\/3886"}],"wp:attachment":[{"href":"https:\/\/glarnerkoenigin.ch\/index.php?rest_route=%2Fwp%2Fv2%2Fmedia&parent=22"}],"curies":[{"name":"wp","href":"https:\/\/api.w.org\/{rel}","templated":true}]}}